{"id":21207,"date":"2025-01-03T11:49:21","date_gmt":"2025-01-03T11:49:21","guid":{"rendered":"https:\/\/developmentsestepona.com\/datenschutzbestimmungen\/"},"modified":"2025-11-30T20:08:03","modified_gmt":"2025-11-30T20:08:03","slug":"datenschutzbestimmungen","status":"publish","type":"page","link":"https:\/\/developmentsestepona.com\/de\/datenschutzbestimmungen\/","title":{"rendered":"Datenschutzbestimmungen"},"content":{"rendered":"\t\t<div data-elementor-type=\"wp-page\" data-elementor-id=\"21207\" class=\"elementor elementor-21207 elementor-3\">\n\t\t\t\t<div class=\"elementor-element elementor-element-5666929 e-flex e-con-boxed e-con e-parent\" data-id=\"5666929\" data-element_type=\"container\" data-e-type=\"container\">\n\t\t\t\t\t<div class=\"e-con-inner\">\n\t\t\t\t<div class=\"elementor-element elementor-element-2ab91d5f elementor-widget elementor-widget-text-editor\" data-id=\"2ab91d5f\" data-element_type=\"widget\" data-e-type=\"widget\" data-widget_type=\"text-editor.default\">\n\t\t\t\t<div class=\"elementor-widget-container\">\n\t\t\t\t\t\t\t\t\t<h2 data-start=\"318\" data-end=\"341\"><strong data-start=\"321\" data-end=\"339\">Datenschutzbestimmungen<\/strong><\/h2><p data-start=\"342\" data-end=\"370\"><strong data-start=\"342\" data-end=\"370\">Zuletzt aktualisiert: 05\/10\/2025<\/strong><\/p><p data-start=\"372\" data-end=\"805\">Bei <strong data-start=\"375\" data-end=\"397\">DevelopmentsEstepona.com<\/strong> (&#8220;DevelopmentsEstepona&#8221;, &#8220;wir&#8221;, &#8220;unser&#8221; oder &#8220;uns&#8221;) sch\u00e4tzen wir Ihre Privatsph\u00e4re und verpflichten uns, Ihre pers\u00f6nlichen Daten zu sch\u00fctzen.<br data-start=\"513\" data-end=\"516\">DevelopmentsEstepona.com wird von Magdalena Zadolna, einer Selbst\u00e4ndigen mit Sitz in Spanien, betrieben.<br data-start=\"615\" data-end=\"618\">Diese Datenschutzerkl\u00e4rung erl\u00e4utert, welche Informationen wir sammeln, wie wir sie verwenden und welche Rechte Sie gem\u00e4\u00df der <strong data-start=\"717\" data-end=\"762\">Allgemeinen Datenschutzverordnung (GDPR)<\/strong> und anderen geltenden Datenschutzgesetzen haben.<\/p><hr data-start=\"807\" data-end=\"810\"><h3 data-start=\"812\" data-end=\"838\"><strong data-start=\"816\" data-end=\"838\">1. Daten, die wir sammeln<\/strong><\/h3><p data-start=\"839\" data-end=\"947\">Wenn Sie unsere Website nutzen, mit unseren Social-Media-Kan\u00e4len interagieren oder ein Kontaktformular absenden, k\u00f6nnen wir Daten erfassen:<\/p><ul data-start=\"949\" data-end=\"1104\"><li data-start=\"949\" data-end=\"957\"><p data-start=\"951\" data-end=\"957\">Name<\/p><\/li><li data-start=\"958\" data-end=\"975\"><p data-start=\"960\" data-end=\"975\">E-Mail Adresse<\/p><\/li><li data-start=\"976\" data-end=\"992\"><p data-start=\"978\" data-end=\"992\">Rufnummer<\/p><\/li><li data-start=\"993\" data-end=\"1037\"><p data-start=\"995\" data-end=\"1037\">Immobilienpr\u00e4ferenzen und Details zur Anfrage<\/p><\/li><li data-start=\"1038\" data-end=\"1104\"><p data-start=\"1040\" data-end=\"1104\">Informationen, die Sie \u00fcber Facebook- oder Instagram-Leadformulare weitergeben<\/p><\/li><\/ul><p data-start=\"1106\" data-end=\"1182\">Wir sammeln keine sensiblen pers\u00f6nlichen Daten, es sei denn, Sie stellen sie freiwillig zur Verf\u00fcgung.<\/p><hr data-start=\"1184\" data-end=\"1187\"><h3 data-start=\"1189\" data-end=\"1220\"><strong data-start=\"1193\" data-end=\"1220\">2. Wie wir Ihre Daten verwenden<\/strong><\/h3><p data-start=\"1221\" data-end=\"1278\">Wir verarbeiten Ihre personenbezogenen Daten f\u00fcr die folgenden Zwecke:<\/p><ul data-start=\"1280\" data-end=\"1585\"><li data-start=\"1280\" data-end=\"1366\"><p data-start=\"1282\" data-end=\"1366\">Zur Beantwortung Ihrer Anfragen, die Sie \u00fcber unsere Website oder die Lead-Formulare in den sozialen Medien eingereicht haben.<\/p><\/li><li data-start=\"1367\" data-end=\"1444\"><p data-start=\"1369\" data-end=\"1444\">Um Ihnen die von Ihnen angeforderten Immobilieninformationen oder damit verbundene Dienstleistungen zur Verf\u00fcgung zu stellen.<\/p><\/li><li data-start=\"1445\" data-end=\"1505\"><p data-start=\"1447\" data-end=\"1505\">Zur Verwaltung und Organisation Ihrer Anfragen in unserem CRM-System.<\/p><\/li><li data-start=\"1506\" data-end=\"1585\"><p data-start=\"1508\" data-end=\"1585\">Um unsere Werbekampagnen auf Facebook und Instagram zu analysieren und zu verbessern.<\/p><\/li><li data-start=\"1506\" data-end=\"1585\">Zur Analyse des Website-Verkehrs und des Nutzerverhaltens, um die Leistung unserer Website und das Nutzererlebnis zu verbessern (\u00fcber Google Analytics).<\/li><\/ul><p data-start=\"1587\" data-end=\"1704\">Wir verwenden die von Ihnen \u00fcber das Kontaktformular \u00fcbermittelten Daten <strong data-start=\"1593\" data-end=\"1600\">nicht<\/strong> f\u00fcr Marketingzwecke, es sei denn, Sie haben ausdr\u00fccklich Ihre Zustimmung gegeben.<\/p><hr data-start=\"1706\" data-end=\"1709\"><h3 data-start=\"1711\" data-end=\"1733\"><strong data-start=\"1715\" data-end=\"1733\">3. Rechtsgrundlage<\/strong><\/h3><p data-start=\"1734\" data-end=\"1783\">Die Verarbeitung Ihrer pers\u00f6nlichen Daten erfolgt auf der Grundlage:<\/p><ul data-start=\"1785\" data-end=\"2065\"><li data-start=\"1785\" data-end=\"1911\"><p data-start=\"1787\" data-end=\"1911\"><strong data-start=\"1787\" data-end=\"1803\">Ihre Einwilligung<\/strong> (Art. 6(1)(a) GDPR), die Sie erteilen, wenn Sie ein Formular ausf\u00fcllen oder sich an unseren Werbekampagnen beteiligen. <\/p><\/li><li data-start=\"1912\" data-end=\"2065\"><p data-start=\"1914\" data-end=\"2065\"><strong data-start=\"1914\" data-end=\"1938\">Berechtigte Interessen<\/strong> (Art. 6(1)(f) GDPR), wenn die Verarbeitung erforderlich ist, um Anfragen zu verwalten und unseren Kundenservice, die Leistung unserer Website und unsere Marketingma\u00dfnahmen zu verbessern. <\/p><\/li><\/ul><hr data-start=\"2067\" data-end=\"2070\"><h3 data-start=\"2072\" data-end=\"2114\"><strong data-start=\"2076\" data-end=\"2114\">4. Gemeinsame Nutzung von Daten mit Drittparteien<\/strong><\/h3><p data-start=\"2115\" data-end=\"2191\">Um Anfragen effizient zu verwalten und unsere Gesch\u00e4ftsabl\u00e4ufe zu unterst\u00fctzen, verwenden wir:<\/p><ul data-start=\"2193\" data-end=\"2643\"><li data-start=\"2193\" data-end=\"2275\"><p data-start=\"2195\" data-end=\"2275\"><strong data-start=\"2195\" data-end=\"2219\">Houzez-Kontaktformulare<\/strong> (in unsere Website integriert), um Ihre Daten zu erfassen.<\/p><\/li><li data-start=\"2276\" data-end=\"2643\"><p data-start=\"2278\" data-end=\"2554\"><strong data-start=\"2278\" data-end=\"2289\">ClickUp<\/strong> &#8211; unsere CRM-Software, die zur Organisation und Beantwortung von Anfragen verwendet wird. ClickUp ist ein in den USA ans\u00e4ssiger Cloud-Service-Anbieter, der m\u00f6glicherweise Daten au\u00dferhalb der EU verarbeitet. Angemessene Sicherheitsvorkehrungen, wie z.B. die <strong data-start=\"2469\" data-end=\"2511\">EU-Standardvertragsklauseln (SCCs)<\/strong>, gew\u00e4hrleisten die Einhaltung der GDPR.  <\/p><ul data-start=\"2557\" data-end=\"2643\"><li data-start=\"2557\" data-end=\"2643\"><p data-start=\"2559\" data-end=\"2643\">Weitere Informationen finden Sie in den <a class=\"decorated-link cursor-pointer\" target=\"_new\" rel=\"noopener\" data-start=\"2585\" data-end=\"2640\">Datenschutzbestimmungen von ClickUp<\/a>.<\/p><\/li><\/ul><\/li><\/ul><p data-start=\"2645\" data-end=\"2657\">Wir verwenden auch:<\/p><ul data-start=\"2659\" data-end=\"2905\"><li data-start=\"2659\" data-end=\"2905\"><p data-start=\"2661\" data-end=\"2905\"><strong data-start=\"2661\" data-end=\"2710\">Facebook und Instagram (Meta Platforms, Inc.)<\/strong> f\u00fcr Werbung und Lead Collection. Wenn Sie mit unseren Anzeigen interagieren oder ein Lead-Formular \u00fcbermitteln, werden Ihre Daten gem\u00e4\u00df der <a class=\"decorated-link\" href=\"https:\/\/www.facebook.com\/privacy\/policy\" target=\"_new\" rel=\"noopener\" data-start=\"2838\" data-end=\"2902\">Datenschutzrichtlinie von Meta<\/a> verarbeitet. <\/p><\/li><li data-start=\"2659\" data-end=\"2905\"><strong data-start=\"2934\" data-end=\"2967\">Google Analytics (Google LLC)<\/strong>, um den Website-Verkehr zu analysieren. Google Analytics verwendet Cookies, um anonyme Informationen wie Ihre IP-Adresse (innerhalb der EU anonymisiert), Ger\u00e4tetyp, Browser und besuchte Seiten zu sammeln. Dies hilft uns zu verstehen, wie Besucher unsere Website nutzen und unsere Dienste zu verbessern. Sie k\u00f6nnen Google Analytics deaktivieren, indem Sie das Browser-Add-on installieren, das unter folgender Adresse verf\u00fcgbar ist: <a class=\"decorated-link\" href=\"https:\/\/tools.google.com\/dlpage\/gaoptout\" target=\"_new\" rel=\"noopener\" data-start=\"3312\" data-end=\"3396\">https:\/\/tools.google.com\/dlpage\/gaoptout.<\/a> Weitere Einzelheiten finden Sie in den Datenschutzbestimmungen von Google unter <a class=\"decorated-link\" href=\"https:\/\/policies.google.com\/privacy\" target=\"_new\" rel=\"noopener\" data-start=\"3447\" data-end=\"3521\">https:\/\/policies.google.com\/privacy.<\/a>    <\/li><li data-start=\"2659\" data-end=\"2905\"><strong data-start=\"3527\" data-end=\"3551\">Rank Math SEO Plugin<\/strong>, das uns hilft, unsere Website f\u00fcr Suchmaschinen zu optimieren. Rank Math kann anonyme analytische Daten sammeln, um seine eigenen Dienste zu verbessern. Weitere Informationen finden Sie unter <a class=\"decorated-link\" href=\"https:\/\/rankmath.com\/privacy-policy\/\" target=\"_new\" rel=\"noopener\" data-start=\"3714\" data-end=\"3790\">https:\/\/rankmath.com\/privacy-policy\/.<\/a>  <\/li><li data-start=\"2659\" data-end=\"2905\"><p data-start=\"3185\" data-end=\"3211\"><strong data-start=\"3189\" data-end=\"3211\">Google Tag Manager &#8211; <\/strong>Wir verwenden Google Tag Manager, ein von Google LLC bereitgestelltes Tag-Management-System, um Skripte auf unserer Website zu laden und zu verwalten, wie z.B. Google Analytics und Meta Pixel. Google Tag Manager verarbeitet selbst keine pers\u00f6nlichen Daten, erm\u00f6glicht aber die Aktivierung anderer Skripte, die Daten sammeln k\u00f6nnen. Weitere Informationen: <a class=\"decorated-link\" href=\"https:\/\/policies.google.com\/privacy\" target=\"_new\" rel=\"noopener\" data-start=\"3517\" data-end=\"3552\">https:\/\/policies.google.com\/privacy.<\/a>  <\/p><\/li><li data-start=\"2659\" data-end=\"2905\"><strong>Google reCAPTCHA &#8211;<\/strong> Wir verwenden Google reCAPTCHA (v3), um unsere Website vor Spam und Missbrauch zu sch\u00fctzen, insbesondere in unseren Anfrageformularen. reCAPTCHA analysiert Interaktionen, um Menschen von Bots zu unterscheiden und kann Informationen wie Ihre IP-Adresse, Browserdetails und Website-Interaktionen erfassen. Diese Verarbeitung unterliegt den Datenschutzbestimmungen und Nutzungsbedingungen von Google, die Sie unter https:\/\/policies.google.com\/privacy und https:\/\/policies.google.com\/terms einsehen k\u00f6nnen.  <\/li><li data-start=\"2659\" data-end=\"2905\"><p data-start=\"3185\" data-end=\"3211\"><strong data-start=\"3559\" data-end=\"3590\">Meta Pixel (Facebook Pixel) &#8211; <\/strong>Unsere Website verwendet den Meta Pixel, der von Meta Platforms Ireland Ltd. zur Verf\u00fcgung gestellt wird, um die Effektivit\u00e4t unserer Werbekampagnen zu messen und um Remarketing-Zielgruppen zu erstellen. Wenn Sie unsere Website besuchen, k\u00f6nnen bestimmte Informationen wie Ihre IP-Adresse, Ihr Browser und die von Ihnen besuchten Seiten an Meta \u00fcbermittelt werden. Die Daten k\u00f6nnen an Server au\u00dferhalb des EWR \u00fcbertragen werden. Sie k\u00f6nnen Ihre Zustimmung jederzeit \u00fcber unser Cookie-Banner oder Ihre Browsereinstellungen widerrufen. Weitere Informationen: <a class=\"decorated-link\" href=\"https:\/\/www.facebook.com\/privacy\/policy\" target=\"_new\" rel=\"noopener\" data-start=\"4054\" data-end=\"4093\">https:\/\/www.facebook.com\/privacy\/policy.<\/a>    <\/p><\/li><li data-start=\"2659\" data-end=\"2905\"><p data-start=\"3185\" data-end=\"3211\"><strong data-start=\"4100\" data-end=\"4132\">Complianz Consent Management &#8211; <\/strong>Wir verwenden die Complianz Consent Management Plattform, um die Zustimmung zu Cookies in \u00dcbereinstimmung mit der GDPR zu verwalten. Nicht wesentliche Cookies (wie Google Analytics und Meta Pixel) werden erst aktiviert, nachdem Sie Ihre Zustimmung gegeben haben. <\/p><\/li><\/ul><p data-start=\"2907\" data-end=\"2999\">Wir verkaufen Ihre Daten <strong data-start=\"2913\" data-end=\"2920\">nicht<\/strong> und geben sie nicht an Dritte f\u00fcr unabh\u00e4ngige Marketingzwecke weiter.<\/p><p data-start=\"2907\" data-end=\"2999\">Einige der von uns eingesetzten Dienstleister (wie Google, Meta und ClickUp) haben ihren Sitz au\u00dferhalb des Europ\u00e4ischen Wirtschaftsraums (EWR). In diesen F\u00e4llen werden die Daten\u00fcbertragungen durch von der Europ\u00e4ischen Kommission genehmigte Standardvertragsklauseln abgesichert, um einen angemessenen Datenschutz zu gew\u00e4hrleisten. <\/p><hr data-start=\"3001\" data-end=\"3004\"><h3 data-start=\"3006\" data-end=\"3031\"><strong data-start=\"3010\" data-end=\"3031\">5. Aufbewahrung von Daten<\/strong><\/h3><p data-start=\"3032\" data-end=\"3240\">Wir bewahren Ihre pers\u00f6nlichen Daten nur so lange auf, wie es f\u00fcr die Bearbeitung Ihrer Anfrage und die Verfolgung Ihres Interesses erforderlich ist oder wie es die geltenden gesetzlichen Aufbewahrungsfristen vorschreiben. Danach werden Ihre Daten sicher gel\u00f6scht. <\/p><hr data-start=\"3242\" data-end=\"3245\"><h3 data-start=\"3247\" data-end=\"3278\"><strong data-start=\"3251\" data-end=\"3278\">6. Cookies und Tracking<\/strong><\/h3><p data-start=\"211\" data-end=\"497\">Unsere Website verwendet Cookies, um die ordnungsgem\u00e4\u00dfe Funktionalit\u00e4t zu gew\u00e4hrleisten und den Website-Verkehr zu analysieren.<br data-start=\"298\" data-end=\"301\">Wir verwenden Google Analytics-Cookies, um zu verstehen, wie Besucher mit unserer Website interagieren.<br data-start=\"386\" data-end=\"389\">Sie k\u00f6nnen Ihre Cookie-Einstellungen verwalten oder Ihre Zustimmung jederzeit \u00fcber Ihre Browser-Einstellungen widerrufen.<\/p><p data-start=\"499\" data-end=\"666\">Wenn wir zus\u00e4tzliche Cookies f\u00fcr Marketing- oder Werbezwecke einf\u00fchren (z.B. Meta Pixel), werden wir Sie um Ihre Zustimmung bitten und diese Datenschutzrichtlinie entsprechend aktualisieren.<\/p><p data-start=\"668\" data-end=\"992\"><strong data-start=\"668\" data-end=\"709\">WPML (Website-Sprachfunktionalit\u00e4t)<\/strong><br data-start=\"709\" data-end=\"712\">Unsere Website verwendet das WPML-Plugin, um Inhalte in mehreren Sprachen bereitzustellen.<br data-start=\"786\" data-end=\"789\">WPML verwendet Cookies, um die aktuelle Sprache des Besuchers zu identifizieren und sich die zuletzt besuchte Sprache zu merken.<br data-start=\"892\" data-end=\"895\">Diese Cookies sind rein funktional und speichern keine pers\u00f6nlich identifizierbaren Informationen.<\/p><hr data-start=\"3566\" data-end=\"3569\"><h3 data-start=\"3571\" data-end=\"3593\"><strong data-start=\"3575\" data-end=\"3593\">7. Ihre Rechte<\/strong><\/h3><p data-start=\"3594\" data-end=\"3632\">Gem\u00e4\u00df der GDPR haben Sie das Recht auf:<\/p><ul data-start=\"3634\" data-end=\"3854\"><li data-start=\"3634\" data-end=\"3681\"><p data-start=\"3636\" data-end=\"3681\">Zugang zu den pers\u00f6nlichen Daten, die wir \u00fcber Sie haben.<\/p><\/li><li data-start=\"3682\" data-end=\"3724\"><p data-start=\"3684\" data-end=\"3724\">Beantragen Sie die Korrektur ungenauer Daten.<\/p><\/li><li data-start=\"3725\" data-end=\"3759\"><p data-start=\"3727\" data-end=\"3759\">Die L\u00f6schung Ihrer Daten beantragen.<\/p><\/li><li data-start=\"3760\" data-end=\"3798\"><p data-start=\"3762\" data-end=\"3798\">Sie k\u00f6nnen Ihre Zustimmung jederzeit widerrufen.<\/p><\/li><li data-start=\"3799\" data-end=\"3854\"><p data-start=\"3801\" data-end=\"3854\">Widerspruch gegen die Verarbeitung auf der Grundlage berechtigter Interessen.<\/p><\/li><\/ul><p data-start=\"3856\" data-end=\"3933\">Um Ihre Rechte auszu\u00fcben, kontaktieren Sie uns bitte unter <a class=\"decorated-link cursor-pointer\" rel=\"noopener\" data-start=\"3907\" data-end=\"3930\">info@developmentsestepona.com.<\/a><\/p><hr data-start=\"3935\" data-end=\"3938\"><h3 data-start=\"3940\" data-end=\"3959\"><strong data-start=\"3944\" data-end=\"3959\">8. Sicherheit<\/strong><\/h3><p data-start=\"3960\" data-end=\"4116\">Wir treffen angemessene technische und organisatorische Ma\u00dfnahmen, um Ihre pers\u00f6nlichen Daten vor Verlust, Missbrauch, unbefugtem Zugriff, Offenlegung oder Ver\u00e4nderung zu sch\u00fctzen.<\/p><hr data-start=\"4118\" data-end=\"4121\"><h3 data-start=\"4123\" data-end=\"4144\"><strong data-start=\"4127\" data-end=\"4144\">9. Kontaktieren Sie uns<\/strong><\/h3><p data-start=\"4145\" data-end=\"4231\">Wenn Sie Fragen zu dieser Datenschutzrichtlinie oder unseren Datenpraktiken haben, wenden Sie sich bitte an:<\/p><p data-start=\"4233\" data-end=\"4340\"><a class=\"decorated-link cursor-pointer\" rel=\"noopener\" data-start=\"4238\" data-end=\"4261\">info@developmentsestepona.com<\/a><br data-start=\"4293\" data-end=\"4296\"><a class=\"decorated-link\" href=\"https:\/\/developmentsestepona.com\/de\/\" target=\"_new\" rel=\"noopener\" data-start=\"4301\" data-end=\"4323\">www.developmentsestepona.com<\/a><\/p>\t\t\t\t\t\t\t\t<\/div>\n\t\t\t\t<\/div>\n\t\t\t\t\t<\/div>\n\t\t\t\t<\/div>\n\t\t\t\t<\/div>\n\t\t","protected":false},"excerpt":{"rendered":"<p>Datenschutzbestimmungen Zuletzt aktualisiert: 05\/10\/2025 Bei DevelopmentsEstepona.com (&#8220;DevelopmentsEstepona&#8221;, &#8220;wir&#8221;, &#8220;unser&#8221; oder &#8220;uns&#8221;) sch\u00e4tzen wir Ihre Privatsph\u00e4re und verpflichten uns, Ihre pers\u00f6nlichen Daten zu sch\u00fctzen.DevelopmentsEstepona.com wird von Magdalena Zadolna, einer Selbst\u00e4ndigen mit Sitz in Spanien, betrieben.Diese Datenschutzerkl\u00e4rung erl\u00e4utert, welche Informationen wir sammeln, wie wir sie verwenden und welche Rechte Sie gem\u00e4\u00df der Allgemeinen Datenschutzverordnung (GDPR) und anderen [&hellip;]<\/p>\n","protected":false},"author":1,"featured_media":0,"parent":0,"menu_order":0,"comment_status":"closed","ping_status":"closed","template":"","meta":{"footnotes":""},"class_list":["post-21207","page","type-page","status-publish","hentry"],"_links":{"self":[{"href":"https:\/\/developmentsestepona.com\/de\/wp-json\/wp\/v2\/pages\/21207","targetHints":{"allow":["GET"]}}],"collection":[{"href":"https:\/\/developmentsestepona.com\/de\/wp-json\/wp\/v2\/pages"}],"about":[{"href":"https:\/\/developmentsestepona.com\/de\/wp-json\/wp\/v2\/types\/page"}],"author":[{"embeddable":true,"href":"https:\/\/developmentsestepona.com\/de\/wp-json\/wp\/v2\/users\/1"}],"replies":[{"embeddable":true,"href":"https:\/\/developmentsestepona.com\/de\/wp-json\/wp\/v2\/comments?post=21207"}],"version-history":[{"count":0,"href":"https:\/\/developmentsestepona.com\/de\/wp-json\/wp\/v2\/pages\/21207\/revisions"}],"wp:attachment":[{"href":"https:\/\/developmentsestepona.com\/de\/wp-json\/wp\/v2\/media?parent=21207"}],"curies":[{"name":"wp","href":"https:\/\/api.w.org\/{rel}","templated":true}]}}